{"id":1479,"date":"2026-03-18T20:34:13","date_gmt":"2026-03-18T19:34:13","guid":{"rendered":"https:\/\/gaia-guidance.earth\/?page_id=1479"},"modified":"2026-03-29T16:42:09","modified_gmt":"2026-03-29T14:42:09","slug":"neuigkeiten","status":"publish","type":"page","link":"https:\/\/gaia-guidance.earth\/en\/neuigkeiten\/","title":{"rendered":"News"},"content":{"rendered":"<div class=\"wp-block-cover alignfull\" style=\"min-height:476px;aspect-ratio:unset;\"><img loading=\"lazy\" decoding=\"async\" width=\"1920\" height=\"1280\" class=\"wp-block-cover__image-background wp-image-1529 size-full\" alt=\"\" src=\"https:\/\/gaia-guidance.earth\/wp-content\/uploads\/2026\/03\/kaboompics-rucola-791380_1920.jpg\" data-object-fit=\"cover\" srcset=\"https:\/\/gaia-guidance.earth\/wp-content\/uploads\/2026\/03\/kaboompics-rucola-791380_1920.jpg 1920w, https:\/\/gaia-guidance.earth\/wp-content\/uploads\/2026\/03\/kaboompics-rucola-791380_1920-300x200.jpg 300w, https:\/\/gaia-guidance.earth\/wp-content\/uploads\/2026\/03\/kaboompics-rucola-791380_1920-1024x683.jpg 1024w, https:\/\/gaia-guidance.earth\/wp-content\/uploads\/2026\/03\/kaboompics-rucola-791380_1920-768x512.jpg 768w, https:\/\/gaia-guidance.earth\/wp-content\/uploads\/2026\/03\/kaboompics-rucola-791380_1920-1536x1024.jpg 1536w, https:\/\/gaia-guidance.earth\/wp-content\/uploads\/2026\/03\/kaboompics-rucola-791380_1920-18x12.jpg 18w\" sizes=\"auto, (max-width: 1920px) 100vw, 1920px\" \/><span aria-hidden=\"true\" class=\"wp-block-cover__background has-background-dim-10 has-background-dim\" style=\"background-color:#535b56\"><\/span><div class=\"wp-block-cover__inner-container has-global-padding is-layout-constrained wp-block-cover-is-layout-constrained\">\n<p class=\"has-text-align-center has-large-font-size\"><\/p>\n<\/div><\/div>\n\n\n\n<div class=\"wp-block-group alignfull infobox-bereich6 has-background-background-color has-background is-layout-flow wp-block-group-is-layout-flow\" style=\"border-top-width:1px;margin-top:0;margin-bottom:0;padding-top:var(--wp--preset--spacing--40);padding-bottom:var(--wp--preset--spacing--40)\">\n<h2 class=\"wp-block-heading alignwide\" style=\"margin-top:0;margin-bottom:var(--wp--preset--spacing--30);padding-top:0;padding-bottom:0\">News<\/h2>\n\n\n<div class=\"bdpp-block-wrap\"><div id=\"bdpp-post-list-1\" class=\"bdpp-wrap bdpp-lite bdpp-post-list-wrap bdpp-post-data-wrap bdpp-design-1 mein-blog bdpp-layout-1570 bdpp-clearfix\">\r\n\t<div class=\"bdpp-post-list-inr-wrap bdpp-post-data-inr-wrap bdpp-clearfix\"><div class=\"bdpp-post-list-main bdpp-post-1584 bdpp-post-standard bdpp-has-thumb\">\r\n\t<div class=\"bdpp-post-list-content bdpp-clearfix\">\r\n\t\t\t\t<div class=\"bdpp-post-list-left bdpp-col-2 bdpp-columns\">\r\n\t\t\t<div class=\"bdpp-post-img-bg\">\r\n\t\t\t\t<a href=\"https:\/\/gaia-guidance.earth\/en\/flaeche-gesucht\/\">\r\n\t\t\t\t\t<img decoding=\"async\" src=\"https:\/\/gaia-guidance.earth\/wp-content\/uploads\/2026\/01\/IMG_0002-5-scaled.jpg\" class=\"bdpp-img bdpp-post-feat-img\" alt=\"Fl\u00e4che f\u00fcr Modellprojekt gesucht!\" \/>\r\n\t\t\t\t\t\t\t\t\t<\/a>\r\n\t\t\t<\/div>\r\n\t\t<\/div>\r\n\t\t\r\n\t\t<div class=\"bdpp-post-list-right bdpp-col-2 bdpp-columns\">\r\n\t\t\t\t\t\t<div class=\"bdpp-post-cats\"><a class=\"bdpp-post-cat-link bdpp-post-cat-44 bdpp-post-cat-information\" href=\"https:\/\/gaia-guidance.earth\/en\/category\/information\/\">Information<\/a><\/div>\r\n\t\t\t\r\n\t\t\t<h2 class=\"bdpp-post-title\">\r\n\t\t\t\t<a href=\"https:\/\/gaia-guidance.earth\/en\/flaeche-gesucht\/\">Fl\u00e4che f\u00fcr Modellprojekt gesucht!<\/a>\r\n\t\t\t<\/h2>\r\n\r\n\t\t\t\t\t\t<div class=\"bdpp-post-meta bdpp-post-meta-up\">\r\n\t\t\t\t<span class=\"bdpp-post-meta-data bdpp-post-author\"><i class=\"bdpp-fa fa-solid fa-user\"><\/i>Gaia Guidance<\/span><span class=\"bdpp-post-meta-sep\"> &ndash; <\/span><span class=\"bdpp-post-meta-data bdpp-post-date\"><i class=\"bdpp-fa fa-regular fa-clock\"><\/i>29.03.2026<\/span>\t\t\t<\/div>\r\n\t\t\t\t\t\t<div class=\"bdpp-post-content\">\r\n\t\t\t\t<div class=\"bdpp-post-desc\">Gaia Guidance sucht nach einer Fl\u00e4che f\u00fcr ein Modellprojekt zum Thema Wasserretention. Idealerweise erf\u00fcllt die&#8230;<\/div>\r\n\t\t\t\t\t\t\t\t\t<a href=\"https:\/\/gaia-guidance.earth\/en\/flaeche-gesucht\/\" class=\"bdpp-rdmr-btn\">Read More<\/a>\r\n\t\t\t\t\t\t\t<\/div>\r\n\t\t\t\t\t<\/div>\r\n\t<\/div>\r\n<\/div><div class=\"bdpp-post-list-main bdpp-post-1601 bdpp-post-standard bdpp-has-thumb\">\r\n\t<div class=\"bdpp-post-list-content bdpp-clearfix\">\r\n\t\t\t\t<div class=\"bdpp-post-list-left bdpp-col-2 bdpp-columns\">\r\n\t\t\t<div class=\"bdpp-post-img-bg\">\r\n\t\t\t\t<a href=\"https:\/\/gaia-guidance.earth\/en\/pflanzung-eines-tiny-forest-mit-dem-flowful-kollektiv\/\">\r\n\t\t\t\t\t<img decoding=\"async\" src=\"https:\/\/gaia-guidance.earth\/wp-content\/uploads\/2026\/03\/Wattenscheid-e1774794993574.jpg\" class=\"bdpp-img bdpp-post-feat-img\" alt=\"Pflanzung eines Tiny Forest mit dem Flowful Kollektiv\" \/>\r\n\t\t\t\t\t\t\t\t\t<\/a>\r\n\t\t\t<\/div>\r\n\t\t<\/div>\r\n\t\t\r\n\t\t<div class=\"bdpp-post-list-right bdpp-col-2 bdpp-columns\">\r\n\t\t\t\t\t\t<div class=\"bdpp-post-cats\"><a class=\"bdpp-post-cat-link bdpp-post-cat-43 bdpp-post-cat-aktionen\" href=\"https:\/\/gaia-guidance.earth\/en\/category\/aktionen\/\">Aktion<\/a><\/div>\r\n\t\t\t\r\n\t\t\t<h2 class=\"bdpp-post-title\">\r\n\t\t\t\t<a href=\"https:\/\/gaia-guidance.earth\/en\/pflanzung-eines-tiny-forest-mit-dem-flowful-kollektiv\/\">Planting a Tiny Forest with the Flowful Collective<\/a>\r\n\t\t\t<\/h2>\r\n\r\n\t\t\t\t\t\t<div class=\"bdpp-post-meta bdpp-post-meta-up\">\r\n\t\t\t\t<span class=\"bdpp-post-meta-data bdpp-post-author\"><i class=\"bdpp-fa fa-solid fa-user\"><\/i>Gaia Guidance<\/span><span class=\"bdpp-post-meta-sep\"> &ndash; <\/span><span class=\"bdpp-post-meta-data bdpp-post-date\"><i class=\"bdpp-fa fa-regular fa-clock\"><\/i>18.03.2026<\/span>\t\t\t<\/div>\r\n\t\t\t\t\t\t<div class=\"bdpp-post-content\">\r\n\t\t\t\t<div class=\"bdpp-post-desc\">Das Flowful Kollektiv hat mich eingeladen, bei einer Pflanzaktion im Stadtgarten Wattenscheid zu unterst\u00fctzen. Unter&#8230;<\/div>\r\n\t\t\t\t\t\t\t\t\t<a href=\"https:\/\/gaia-guidance.earth\/en\/pflanzung-eines-tiny-forest-mit-dem-flowful-kollektiv\/\" class=\"bdpp-rdmr-btn\">Read More<\/a>\r\n\t\t\t\t\t\t\t<\/div>\r\n\t\t\t\t\t<\/div>\r\n\t<\/div>\r\n<\/div>\t<\/div>\r\n\t<\/div><\/div><\/div>","protected":false},"excerpt":{"rendered":"<p>News<\/p>","protected":false},"author":1,"featured_media":0,"parent":0,"menu_order":0,"comment_status":"closed","ping_status":"closed","template":"no-title","meta":{"_EventAllDay":false,"_EventTimezone":"","_EventStartDate":"","_EventEndDate":"","_EventStartDateUTC":"","_EventEndDateUTC":"","_EventShowMap":false,"_EventShowMapLink":false,"_EventURL":"","_EventCost":"","_EventCostDescription":"","_EventCurrencySymbol":"","_EventCurrencyCode":"","_EventCurrencyPosition":"","_EventDateTimeSeparator":"","_EventTimeRangeSeparator":"","_EventOrganizerID":[],"_EventVenueID":[],"_OrganizerEmail":"","_OrganizerPhone":"","_OrganizerWebsite":"","_VenueAddress":"","_VenueCity":"","_VenueCountry":"","_VenueProvince":"","_VenueState":"","_VenueZip":"","_VenuePhone":"","_VenueURL":"","_VenueStateProvince":"","_VenueLat":"","_VenueLng":"","_VenueShowMap":false,"_VenueShowMapLink":false,"footnotes":""},"class_list":["post-1479","page","type-page","status-publish","hentry"],"aioseo_notices":[],"_links":{"self":[{"href":"https:\/\/gaia-guidance.earth\/en\/wp-json\/wp\/v2\/pages\/1479","targetHints":{"allow":["GET"]}}],"collection":[{"href":"https:\/\/gaia-guidance.earth\/en\/wp-json\/wp\/v2\/pages"}],"about":[{"href":"https:\/\/gaia-guidance.earth\/en\/wp-json\/wp\/v2\/types\/page"}],"author":[{"embeddable":true,"href":"https:\/\/gaia-guidance.earth\/en\/wp-json\/wp\/v2\/users\/1"}],"replies":[{"embeddable":true,"href":"https:\/\/gaia-guidance.earth\/en\/wp-json\/wp\/v2\/comments?post=1479"}],"version-history":[{"count":33,"href":"https:\/\/gaia-guidance.earth\/en\/wp-json\/wp\/v2\/pages\/1479\/revisions"}],"predecessor-version":[{"id":1619,"href":"https:\/\/gaia-guidance.earth\/en\/wp-json\/wp\/v2\/pages\/1479\/revisions\/1619"}],"wp:attachment":[{"href":"https:\/\/gaia-guidance.earth\/en\/wp-json\/wp\/v2\/media?parent=1479"}],"curies":[{"name":"wp","href":"https:\/\/api.w.org\/{rel}","templated":true}]}}