{"id":24,"date":"2025-05-05T02:58:41","date_gmt":"2025-05-05T02:58:41","guid":{"rendered":"https:\/\/gaia-guidance.earth\/kontakt\/"},"modified":"2026-03-18T20:39:51","modified_gmt":"2026-03-18T19:39:51","slug":"kontakt","status":"publish","type":"page","link":"https:\/\/gaia-guidance.earth\/en\/kontakt\/","title":{"rendered":"Kontakt f\u00fcr Buchungen &#038; Anfragen zu Kooperationen oder Projekten"},"content":{"rendered":"<div class=\"wp-block-group alignfull infobox-bereich4 has-background-background-color has-background is-layout-flow wp-block-group-is-layout-flow\" id=\"kontakt\" style=\"border-top-width:1px;margin-top:0;margin-bottom:0;padding-top:var(--wp--preset--spacing--60);padding-right:0;padding-bottom:var(--wp--preset--spacing--60);padding-left:0\">\n<h2 class=\"wp-block-heading alignwide has-text-align-center kein-blocksatz\">Let's create the future together!<\/h2>\n\n\n\n<p class=\"has-text-align-center kein-blocksatz translation-block\"><em>Gaia Guidance<\/em> looks forward to working with you and is open to new collaborations or projects. Feel free to get in touch for a non-binding chat!<\/p>\n\n\n\n<p class=\"has-text-align-center kein-blocksatz\" style=\"margin-top:var(--wp--preset--spacing--20);margin-bottom:var(--wp--preset--spacing--20)\">Questions, suggestions, or bookings can be made using the following contact options:<\/p>\n\n\n\n<p class=\"has-text-align-center kontakt-angabe kein-blocksatz has-small-font-size\" style=\"margin-top:8px\">bernhard.wenzel@gaia-guidance.earth<\/p>\n\n\n\n<p class=\"has-text-align-center kontakt-angabe kein-blocksatz has-small-font-size\" style=\"margin-top:8px\">+49 15224365524<\/p>\n\n\n\n<hr class=\"wp-block-separator has-alpha-channel-opacity\"\/>\n\n\n\n<h2 class=\"wp-block-heading has-text-align-left\" id=\"Netzwerk\" style=\"margin-left:var(--wp--preset--spacing--30)\">My Network<\/h2>\n\n\n\n<div class=\"wp-block-columns are-vertically-aligned-center is-layout-flex wp-container-core-columns-is-layout-954ec4bb wp-block-columns-is-layout-flex\" style=\"padding-right:var(--wp--preset--spacing--40);padding-left:var(--wp--preset--spacing--40)\">\n<div class=\"wp-block-column is-vertically-aligned-center is-layout-flow wp-block-column-is-layout-flow\">\n<figure class=\"wp-block-image aligncenter size-full\"><a href=\"https:\/\/www.permakultur.de\/home\"><img loading=\"lazy\" decoding=\"async\" width=\"474\" height=\"188\" src=\"https:\/\/gaia-guidance.earth\/wp-content\/uploads\/2026\/01\/OIP-2.jpg\" alt=\"\" class=\"wp-image-594\" srcset=\"https:\/\/gaia-guidance.earth\/wp-content\/uploads\/2026\/01\/OIP-2.jpg 474w, https:\/\/gaia-guidance.earth\/wp-content\/uploads\/2026\/01\/OIP-2-300x119.jpg 300w\" sizes=\"auto, (max-width: 474px) 100vw, 474px\" \/><\/a><\/figure>\n<\/div>\n\n\n\n<div class=\"wp-block-column is-vertically-aligned-center is-layout-flow wp-block-column-is-layout-flow\">\n<figure class=\"wp-block-image size-full\"><a href=\"https:\/\/foodforest.network\/\"><img loading=\"lazy\" decoding=\"async\" width=\"691\" height=\"144\" src=\"https:\/\/gaia-guidance.earth\/wp-content\/uploads\/2026\/01\/FoodForestNetwork-Logo_mitclaim_gruen.png\" alt=\"\" class=\"wp-image-592\" srcset=\"https:\/\/gaia-guidance.earth\/wp-content\/uploads\/2026\/01\/FoodForestNetwork-Logo_mitclaim_gruen.png 691w, https:\/\/gaia-guidance.earth\/wp-content\/uploads\/2026\/01\/FoodForestNetwork-Logo_mitclaim_gruen-300x63.png 300w\" sizes=\"auto, (max-width: 691px) 100vw, 691px\" \/><\/a><\/figure>\n<\/div>\n\n\n\n<div class=\"wp-block-column is-vertically-aligned-center is-layout-flow wp-block-column-is-layout-flow\">\n<figure class=\"wp-block-image size-full\"><a href=\"https:\/\/www.flowful.org\/\"><img loading=\"lazy\" decoding=\"async\" width=\"357\" height=\"73\" src=\"https:\/\/gaia-guidance.earth\/wp-content\/uploads\/2026\/01\/Asset2-1.webp\" alt=\"\" class=\"wp-image-591\" srcset=\"https:\/\/gaia-guidance.earth\/wp-content\/uploads\/2026\/01\/Asset2-1.webp 357w, https:\/\/gaia-guidance.earth\/wp-content\/uploads\/2026\/01\/Asset2-1-300x61.webp 300w\" sizes=\"auto, (max-width: 357px) 100vw, 357px\" \/><\/a><\/figure>\n<\/div>\n<\/div>\n<\/div>","protected":false},"excerpt":{"rendered":"<p>Lass uns gemeinsam Zukunft gestalten! Gaia Guidance freut sich auf die Zusammenarbeit mit dir und ist offen f\u00fcr neue Kooperationen oder Projekte. Nimm gerne Kontakt auf f\u00fcr ein unverbindliches Gespr\u00e4ch! [&hellip;]<\/p>\n","protected":false},"author":1,"featured_media":0,"parent":0,"menu_order":0,"comment_status":"closed","ping_status":"closed","template":"no-title","meta":{"_EventAllDay":false,"_EventTimezone":"","_EventStartDate":"","_EventEndDate":"","_EventStartDateUTC":"","_EventEndDateUTC":"","_EventShowMap":false,"_EventShowMapLink":false,"_EventURL":"","_EventCost":"","_EventCostDescription":"","_EventCurrencySymbol":"","_EventCurrencyCode":"","_EventCurrencyPosition":"","_EventDateTimeSeparator":"","_EventTimeRangeSeparator":"","_EventOrganizerID":[],"_EventVenueID":[],"_OrganizerEmail":"","_OrganizerPhone":"","_OrganizerWebsite":"","_VenueAddress":"","_VenueCity":"","_VenueCountry":"","_VenueProvince":"","_VenueState":"","_VenueZip":"","_VenuePhone":"","_VenueURL":"","_VenueStateProvince":"","_VenueLat":"","_VenueLng":"","_VenueShowMap":false,"_VenueShowMapLink":false,"footnotes":""},"class_list":["post-24","page","type-page","status-publish","hentry"],"aioseo_notices":[],"_links":{"self":[{"href":"https:\/\/gaia-guidance.earth\/en\/wp-json\/wp\/v2\/pages\/24","targetHints":{"allow":["GET"]}}],"collection":[{"href":"https:\/\/gaia-guidance.earth\/en\/wp-json\/wp\/v2\/pages"}],"about":[{"href":"https:\/\/gaia-guidance.earth\/en\/wp-json\/wp\/v2\/types\/page"}],"author":[{"embeddable":true,"href":"https:\/\/gaia-guidance.earth\/en\/wp-json\/wp\/v2\/users\/1"}],"replies":[{"embeddable":true,"href":"https:\/\/gaia-guidance.earth\/en\/wp-json\/wp\/v2\/comments?post=24"}],"version-history":[{"count":26,"href":"https:\/\/gaia-guidance.earth\/en\/wp-json\/wp\/v2\/pages\/24\/revisions"}],"predecessor-version":[{"id":1490,"href":"https:\/\/gaia-guidance.earth\/en\/wp-json\/wp\/v2\/pages\/24\/revisions\/1490"}],"wp:attachment":[{"href":"https:\/\/gaia-guidance.earth\/en\/wp-json\/wp\/v2\/media?parent=24"}],"curies":[{"name":"wp","href":"https:\/\/api.w.org\/{rel}","templated":true}]}}