{"id":28,"date":"2025-05-05T02:58:47","date_gmt":"2025-05-05T02:58:47","guid":{"rendered":"https:\/\/gaia-guidance.earth\/start\/"},"modified":"2026-03-29T16:59:46","modified_gmt":"2026-03-29T14:59:46","slug":"start","status":"publish","type":"page","link":"https:\/\/gaia-guidance.earth\/en\/","title":{"rendered":"Gaia Guidance &#8211; Nach dem Vorbild der Natur"},"content":{"rendered":"<div class=\"wp-block-cover alignfull is-style-default wp-duotone-unset-1\" style=\"min-height:476px;aspect-ratio:unset;\"><img loading=\"lazy\" decoding=\"async\" width=\"2560\" height=\"1920\" class=\"wp-block-cover__image-background wp-image-421\" alt=\"\" src=\"https:\/\/gaia-guidance.earth\/wp-content\/uploads\/2026\/01\/20250409_122917-scaled.jpg\" style=\"object-position:47% 49%\" data-object-fit=\"cover\" data-object-position=\"47% 49%\" srcset=\"https:\/\/gaia-guidance.earth\/wp-content\/uploads\/2026\/01\/20250409_122917-scaled.jpg 2560w, https:\/\/gaia-guidance.earth\/wp-content\/uploads\/2026\/01\/20250409_122917-300x225.jpg 300w, https:\/\/gaia-guidance.earth\/wp-content\/uploads\/2026\/01\/20250409_122917-1024x768.jpg 1024w, https:\/\/gaia-guidance.earth\/wp-content\/uploads\/2026\/01\/20250409_122917-768x576.jpg 768w, https:\/\/gaia-guidance.earth\/wp-content\/uploads\/2026\/01\/20250409_122917-1536x1152.jpg 1536w, https:\/\/gaia-guidance.earth\/wp-content\/uploads\/2026\/01\/20250409_122917-2048x1536.jpg 2048w\" sizes=\"auto, (max-width: 2560px) 100vw, 2560px\" \/><span aria-hidden=\"true\" class=\"wp-block-cover__background has-background-dim-10 has-background-dim\"><\/span><div class=\"wp-block-cover__inner-container is-layout-flow wp-block-cover-is-layout-flow\">\n<p class=\"has-text-align-center has-large-font-size\"><\/p>\n<\/div><\/div>\n\n\n\n<div class=\"wp-block-group alignfull infobox-bereich0 has-background-background-color has-background is-layout-flow wp-container-core-group-is-layout-acbae025 wp-block-group-is-layout-flow\" style=\"border-top-width:1px;margin-top:0;margin-bottom:0;padding-top:var(--wp--preset--spacing--30);padding-right:var(--wp--preset--spacing--30);padding-bottom:var(--wp--preset--spacing--30);padding-left:var(--wp--preset--spacing--30)\">\n<div class=\"wp-block-group alignwide is-layout-flow wp-container-core-group-is-layout-81d5c4b5 wp-block-group-is-layout-flow\">\n<h1 class=\"wp-block-heading alignwide has-text-align-center\" style=\"padding-bottom:var(--wp--preset--spacing--20)\">Welcome to Gaia Guidance!<\/h1>\n\n\n\n<p class=\"translation-block\">Discover a wide range of consulting services, land design, and educational events on the topics of <a href=\"https:\/\/gaia-guidance.earth\/en\/ueber\/#Permakultur\" title=\"\" target=\"_self\">Permaculture<\/a>, <a href=\"https:\/\/gaia-guidance.earth\/en\/ueber\/#Wasserretention\" title=\"\" target=\"_self\">water retention<\/a> and <a href=\"https:\/\/gaia-guidance.earth\/en\/ueber\/#Syntropie\" title=\"\" target=\"_self\">syntropic<\/a> agroforestry systems. With its services, <em>Gaia Guidance<\/em> aims to give people new perspectives on their relationship with nature and help them live more harmoniously with their environment.<\/p>\n\n\n\n<p style=\"padding-right:0\" class=\"translation-block\">Nature is not only the stage and subject of the work, but also the director and teacher, whose example can be used to create efficient and resilient systems. At its core, it is about working with nature to meet needs while becoming a life-enhancing force in the world. This philosophy of cooperation is part of Permaculture and thus the basis of the work of <em>Gaia Guidance<\/em> \u2014 for a good life, shared growth, and development.\n\nTranslated with DeepL.com (free version)<\/p>\n\n\n\n<p class=\"has-text-align-center kein-blocksatz translation-block\" style=\"padding-right:0\"><strong>Take a look around and discover how <em>Gaia Guidance<\/em> can support you in becoming a positive influence in the world.<\/strong><\/p>\n\n\n\n<div class=\"wp-block-buttons is-content-justification-center is-layout-flex wp-container-core-buttons-is-layout-29e907a3 wp-block-buttons-is-layout-flex\" style=\"margin-top:var(--wp--preset--spacing--40);padding-top:0;padding-right:0;padding-bottom:0;padding-left:0\">\n<div class=\"wp-block-button\"><a class=\"wp-block-button__link wp-element-button\" href=\"https:\/\/gaia-guidance.earth\/en\/dienstleistungen\/\" style=\"box-shadow:6px 6px 9px rgba(0, 0, 0, 0.2)\">About the Services<\/a><\/div>\n\n\n\n<div class=\"wp-block-button\"><a class=\"wp-block-button__link wp-element-button\" href=\"https:\/\/gaia-guidance.earth\/en\/kurseveranstaltungen\/\" style=\"box-shadow:6px 6px 9px rgba(0, 0, 0, 0.2)\">Courses &amp; Other Educational Programs<\/a><\/div>\n\n\n\n<div class=\"wp-block-button\"><a class=\"wp-block-button__link wp-element-button\" href=\"https:\/\/gaia-guidance.earth\/en\/ueber\/\" style=\"box-shadow:6px 6px 9px rgba(0, 0, 0, 0.2)\">About <em>Gaia Guidance<\/em><\/a><\/div>\n<\/div>\n<\/div>\n\n\n\n<hr class=\"wp-block-separator has-alpha-channel-opacity is-style-wide\" style=\"margin-top:var(--wp--preset--spacing--30);margin-bottom:var(--wp--preset--spacing--40)\"\/>\n\n\n\n<div class=\"wp-block-columns is-layout-flex wp-container-core-columns-is-layout-28f84493 wp-block-columns-is-layout-flex\">\n<div class=\"wp-block-column is-layout-flow wp-block-column-is-layout-flow\">\n<h3 class=\"wp-block-heading\">News<\/h3>\n\n\n<div class=\"bdpp-block-wrap\"><div id=\"bdpp-post-list-1\" class=\"bdpp-wrap bdpp-lite bdpp-post-list-wrap bdpp-post-data-wrap bdpp-design-1 mein-blog bdpp-layout-1570 bdpp-clearfix\">\r\n\t<div class=\"bdpp-post-list-inr-wrap bdpp-post-data-inr-wrap bdpp-clearfix\"><div class=\"bdpp-post-list-main bdpp-post-1584 bdpp-post-standard bdpp-has-thumb\">\r\n\t<div class=\"bdpp-post-list-content bdpp-clearfix\">\r\n\t\t\t\t<div class=\"bdpp-post-list-left bdpp-col-2 bdpp-columns\">\r\n\t\t\t<div class=\"bdpp-post-img-bg\">\r\n\t\t\t\t<a href=\"https:\/\/gaia-guidance.earth\/en\/flaeche-gesucht\/\">\r\n\t\t\t\t\t<img decoding=\"async\" src=\"https:\/\/gaia-guidance.earth\/wp-content\/uploads\/2026\/01\/IMG_0002-5-scaled.jpg\" class=\"bdpp-img bdpp-post-feat-img\" alt=\"Fl\u00e4che f\u00fcr Modellprojekt gesucht!\" \/>\r\n\t\t\t\t\t\t\t\t\t<\/a>\r\n\t\t\t<\/div>\r\n\t\t<\/div>\r\n\t\t\r\n\t\t<div class=\"bdpp-post-list-right bdpp-col-2 bdpp-columns\">\r\n\t\t\t\t\t\t<div class=\"bdpp-post-cats\"><a class=\"bdpp-post-cat-link bdpp-post-cat-44 bdpp-post-cat-information\" href=\"https:\/\/gaia-guidance.earth\/en\/category\/information\/\">Information<\/a><\/div>\r\n\t\t\t\r\n\t\t\t<h2 class=\"bdpp-post-title\">\r\n\t\t\t\t<a href=\"https:\/\/gaia-guidance.earth\/en\/flaeche-gesucht\/\">Fl\u00e4che f\u00fcr Modellprojekt gesucht!<\/a>\r\n\t\t\t<\/h2>\r\n\r\n\t\t\t\t\t\t<div class=\"bdpp-post-meta bdpp-post-meta-up\">\r\n\t\t\t\t<span class=\"bdpp-post-meta-data bdpp-post-author\"><i class=\"bdpp-fa fa-solid fa-user\"><\/i>Gaia Guidance<\/span><span class=\"bdpp-post-meta-sep\"> &ndash; <\/span><span class=\"bdpp-post-meta-data bdpp-post-date\"><i class=\"bdpp-fa fa-regular fa-clock\"><\/i>29.03.2026<\/span>\t\t\t<\/div>\r\n\t\t\t\t\t\t<div class=\"bdpp-post-content\">\r\n\t\t\t\t<div class=\"bdpp-post-desc\">Gaia Guidance sucht nach einer Fl\u00e4che f\u00fcr ein Modellprojekt zum Thema Wasserretention. Idealerweise erf\u00fcllt die&#8230;<\/div>\r\n\t\t\t\t\t\t\t\t\t<a href=\"https:\/\/gaia-guidance.earth\/en\/flaeche-gesucht\/\" class=\"bdpp-rdmr-btn\">Read More<\/a>\r\n\t\t\t\t\t\t\t<\/div>\r\n\t\t\t\t\t<\/div>\r\n\t<\/div>\r\n<\/div><div class=\"bdpp-post-list-main bdpp-post-1601 bdpp-post-standard bdpp-has-thumb\">\r\n\t<div class=\"bdpp-post-list-content bdpp-clearfix\">\r\n\t\t\t\t<div class=\"bdpp-post-list-left bdpp-col-2 bdpp-columns\">\r\n\t\t\t<div class=\"bdpp-post-img-bg\">\r\n\t\t\t\t<a href=\"https:\/\/gaia-guidance.earth\/en\/pflanzung-eines-tiny-forest-mit-dem-flowful-kollektiv\/\">\r\n\t\t\t\t\t<img decoding=\"async\" src=\"https:\/\/gaia-guidance.earth\/wp-content\/uploads\/2026\/03\/Wattenscheid-e1774794993574.jpg\" class=\"bdpp-img bdpp-post-feat-img\" alt=\"Pflanzung eines Tiny Forest mit dem Flowful Kollektiv\" \/>\r\n\t\t\t\t\t\t\t\t\t<\/a>\r\n\t\t\t<\/div>\r\n\t\t<\/div>\r\n\t\t\r\n\t\t<div class=\"bdpp-post-list-right bdpp-col-2 bdpp-columns\">\r\n\t\t\t\t\t\t<div class=\"bdpp-post-cats\"><a class=\"bdpp-post-cat-link bdpp-post-cat-43 bdpp-post-cat-aktionen\" href=\"https:\/\/gaia-guidance.earth\/en\/category\/aktionen\/\">Aktion<\/a><\/div>\r\n\t\t\t\r\n\t\t\t<h2 class=\"bdpp-post-title\">\r\n\t\t\t\t<a href=\"https:\/\/gaia-guidance.earth\/en\/pflanzung-eines-tiny-forest-mit-dem-flowful-kollektiv\/\">Planting a Tiny Forest with the Flowful Collective<\/a>\r\n\t\t\t<\/h2>\r\n\r\n\t\t\t\t\t\t<div class=\"bdpp-post-meta bdpp-post-meta-up\">\r\n\t\t\t\t<span class=\"bdpp-post-meta-data bdpp-post-author\"><i class=\"bdpp-fa fa-solid fa-user\"><\/i>Gaia Guidance<\/span><span class=\"bdpp-post-meta-sep\"> &ndash; <\/span><span class=\"bdpp-post-meta-data bdpp-post-date\"><i class=\"bdpp-fa fa-regular fa-clock\"><\/i>18.03.2026<\/span>\t\t\t<\/div>\r\n\t\t\t\t\t\t<div class=\"bdpp-post-content\">\r\n\t\t\t\t<div class=\"bdpp-post-desc\">Das Flowful Kollektiv hat mich eingeladen, bei einer Pflanzaktion im Stadtgarten Wattenscheid zu unterst\u00fctzen. Unter&#8230;<\/div>\r\n\t\t\t\t\t\t\t\t\t<a href=\"https:\/\/gaia-guidance.earth\/en\/pflanzung-eines-tiny-forest-mit-dem-flowful-kollektiv\/\" class=\"bdpp-rdmr-btn\">Read More<\/a>\r\n\t\t\t\t\t\t\t<\/div>\r\n\t\t\t\t\t<\/div>\r\n\t<\/div>\r\n<\/div>\t<\/div>\r\n\t<\/div><\/div><\/div>\n\n\n\n<div class=\"wp-block-column is-layout-flow wp-block-column-is-layout-flow\">\n<h3 class=\"wp-block-heading\">Events<\/h3>\n\n\n<script data-js='tribe-events-view-nonce-data' type='application\/json'>{\"tvn1\":\"331d78342c\",\"tvn2\":\"\"}<\/script><\/div>\n<\/div>\n<\/div>","protected":false},"excerpt":{"rendered":"<p>Willkommen bei Gaia Guidance! Entdecke ein umfassendes Angebot zu Beratung, Fl\u00e4chengestaltung oder Bildungsveranstaltungen rund um die Themen Permakultur, Wasserretention und syntropische Agroforstsysteme. Mit ihren Dienstleistungen m\u00f6chte Gaia Guidance Menschen neue [&hellip;]<\/p>\n","protected":false},"author":1,"featured_media":35,"parent":0,"menu_order":0,"comment_status":"closed","ping_status":"closed","template":"no-title","meta":{"_EventAllDay":false,"_EventTimezone":"","_EventStartDate":"2025-05-16 08:00:00","_EventEndDate":"2025-05-16 17:00:00","_EventStartDateUTC":"","_EventEndDateUTC":"","_EventShowMap":false,"_EventShowMapLink":false,"_EventURL":"","_EventCost":"","_EventCostDescription":"","_EventCurrencySymbol":"","_EventCurrencyCode":"","_EventCurrencyPosition":"","_EventDateTimeSeparator":"","_EventTimeRangeSeparator":"","_EventOrganizerID":[],"_EventVenueID":[],"_OrganizerEmail":"","_OrganizerPhone":"","_OrganizerWebsite":"","_VenueAddress":"","_VenueCity":"","_VenueCountry":"","_VenueProvince":"","_VenueState":"","_VenueZip":"","_VenuePhone":"","_VenueURL":"","_VenueStateProvince":"","_VenueLat":"","_VenueLng":"","_VenueShowMap":false,"_VenueShowMapLink":false,"footnotes":""},"class_list":["post-28","page","type-page","status-publish","has-post-thumbnail","hentry"],"aioseo_notices":[],"_links":{"self":[{"href":"https:\/\/gaia-guidance.earth\/en\/wp-json\/wp\/v2\/pages\/28","targetHints":{"allow":["GET"]}}],"collection":[{"href":"https:\/\/gaia-guidance.earth\/en\/wp-json\/wp\/v2\/pages"}],"about":[{"href":"https:\/\/gaia-guidance.earth\/en\/wp-json\/wp\/v2\/types\/page"}],"author":[{"embeddable":true,"href":"https:\/\/gaia-guidance.earth\/en\/wp-json\/wp\/v2\/users\/1"}],"replies":[{"embeddable":true,"href":"https:\/\/gaia-guidance.earth\/en\/wp-json\/wp\/v2\/comments?post=28"}],"version-history":[{"count":110,"href":"https:\/\/gaia-guidance.earth\/en\/wp-json\/wp\/v2\/pages\/28\/revisions"}],"predecessor-version":[{"id":1638,"href":"https:\/\/gaia-guidance.earth\/en\/wp-json\/wp\/v2\/pages\/28\/revisions\/1638"}],"wp:featuredmedia":[{"embeddable":true,"href":"https:\/\/gaia-guidance.earth\/en\/wp-json\/wp\/v2\/media\/35"}],"wp:attachment":[{"href":"https:\/\/gaia-guidance.earth\/en\/wp-json\/wp\/v2\/media?parent=28"}],"curies":[{"name":"wp","href":"https:\/\/api.w.org\/{rel}","templated":true}]}}