{"id":604,"date":"2026-01-09T17:22:34","date_gmt":"2026-01-09T16:22:34","guid":{"rendered":"https:\/\/gaia-guidance.earth\/?page_id=604"},"modified":"2026-03-22T10:57:10","modified_gmt":"2026-03-22T09:57:10","slug":"datenschutzerklaerung","status":"publish","type":"page","link":"https:\/\/gaia-guidance.earth\/en\/datenschutzerklaerung\/","title":{"rendered":"Keine Cookies, Analysetools oder Tracking-Technologien"},"content":{"rendered":"<div class=\"wp-block-group alignfull infobox-bereich7 has-background-background-color has-background has-global-padding is-layout-constrained wp-block-group-is-layout-constrained\">\n<h2 class=\"wp-block-heading\">Privacy Policy<\/h2>\n\n\n\n<p class=\"translation-block\"><strong>Responsible entity:<\/strong><br> Bernhard Wenzel<br> Stephanstra\u00dfe 51<br> 85298, Scheyern<\/p>\n\n\n\n<p class=\"translation-block\"><strong>Company name:<\/strong><br> Bernhard Wenzel \u2013 Gaia Guidance<\/p>\n\n\n\n<p class=\"translation-block\"><strong>Contact:<\/strong><br> Telefon: +49 152 24365524<br> E-Mail: bernhard.wenzel@gaia-guidance.earth<\/p>\n\n\n\n<p class=\"translation-block\"><strong>Data collected:<\/strong><br> When you contact us by email or phone, we only collect the data you voluntarily provide (name, email address, message).<\/p>\n\n\n\n<p class=\"translation-block\"><strong>Storage &amp; data processing:<\/strong><br> Your data will be used solely for the purpose of responding to your inquiry and will be deleted afterwards.<\/p>\n\n\n\n<p class=\"translation-block\"><strong>Your rights:<\/strong><br> You have the right to access, correct, and delete your data (GDPR).<\/p>\n\n\n\n<p class=\"translation-block\"><strong>Cookies &amp; tracking:<\/strong><br> This website does not use cookies, analytics tools, or tracking technologies.<\/p>\n<\/div>","protected":false},"excerpt":{"rendered":"<p>Datenschutzerkl\u00e4rung Verantwortliche Stelle: Bernhard Wenzel Stephanstra\u00dfe 51 85298, Scheyern Gesch\u00e4ftsbezeichnung: Bernhard Wenzel &#8211; Gaia Guidance Kontaktinformationen: Telefon: +49 152 24365524 E-Mail: bernhard.wenzel@gaia-guidance.earth Erhobene Daten: Bei Kontaktaufnahme per E-Mail oder Telefon [&hellip;]<\/p>\n","protected":false},"author":1,"featured_media":0,"parent":0,"menu_order":0,"comment_status":"closed","ping_status":"closed","template":"no-title","meta":{"_EventAllDay":false,"_EventTimezone":"","_EventStartDate":"","_EventEndDate":"","_EventStartDateUTC":"","_EventEndDateUTC":"","_EventShowMap":false,"_EventShowMapLink":false,"_EventURL":"","_EventCost":"","_EventCostDescription":"","_EventCurrencySymbol":"","_EventCurrencyCode":"","_EventCurrencyPosition":"","_EventDateTimeSeparator":"","_EventTimeRangeSeparator":"","_EventOrganizerID":[],"_EventVenueID":[],"_OrganizerEmail":"","_OrganizerPhone":"","_OrganizerWebsite":"","_VenueAddress":"","_VenueCity":"","_VenueCountry":"","_VenueProvince":"","_VenueState":"","_VenueZip":"","_VenuePhone":"","_VenueURL":"","_VenueStateProvince":"","_VenueLat":"","_VenueLng":"","_VenueShowMap":false,"_VenueShowMapLink":false,"footnotes":""},"class_list":["post-604","page","type-page","status-publish","hentry"],"aioseo_notices":[],"_links":{"self":[{"href":"https:\/\/gaia-guidance.earth\/en\/wp-json\/wp\/v2\/pages\/604","targetHints":{"allow":["GET"]}}],"collection":[{"href":"https:\/\/gaia-guidance.earth\/en\/wp-json\/wp\/v2\/pages"}],"about":[{"href":"https:\/\/gaia-guidance.earth\/en\/wp-json\/wp\/v2\/types\/page"}],"author":[{"embeddable":true,"href":"https:\/\/gaia-guidance.earth\/en\/wp-json\/wp\/v2\/users\/1"}],"replies":[{"embeddable":true,"href":"https:\/\/gaia-guidance.earth\/en\/wp-json\/wp\/v2\/comments?post=604"}],"version-history":[{"count":9,"href":"https:\/\/gaia-guidance.earth\/en\/wp-json\/wp\/v2\/pages\/604\/revisions"}],"predecessor-version":[{"id":1540,"href":"https:\/\/gaia-guidance.earth\/en\/wp-json\/wp\/v2\/pages\/604\/revisions\/1540"}],"wp:attachment":[{"href":"https:\/\/gaia-guidance.earth\/en\/wp-json\/wp\/v2\/media?parent=604"}],"curies":[{"name":"wp","href":"https:\/\/api.w.org\/{rel}","templated":true}]}}