{"id":606,"date":"2026-01-09T17:30:17","date_gmt":"2026-01-09T16:30:17","guid":{"rendered":"https:\/\/gaia-guidance.earth\/?page_id=606"},"modified":"2026-03-22T10:58:08","modified_gmt":"2026-03-22T09:58:08","slug":"haftungsausschluss","status":"publish","type":"page","link":"https:\/\/gaia-guidance.earth\/en\/haftungsausschluss\/","title":{"rendered":"Webseite f\u00fcr informative Zwecke &#038; Beratungsanfragen"},"content":{"rendered":"<div class=\"wp-block-group alignfull infobox-bereich7 has-background-background-color has-background has-global-padding is-layout-constrained wp-block-group-is-layout-constrained\">\n<h2 class=\"wp-block-heading\">Disclaimer<\/h2>\n\n\n\n<p>The contents of this website have been carefully compiled. However, no liability is assumed for the accuracy, completeness, and actuality of the information provided.<\/p>\n\n\n\n<p>The website and its contents are for informational purposes only and are not a substitute for professional advice. For specific projects, it is advised to get in touch.<\/p>\n\n\n\n<p class=\"translation-block\">External links: <br>No responsibility is taken for the content of linked external websites.<\/p>\n<\/div>","protected":false},"excerpt":{"rendered":"<p>Haftungsausschluss Die Inhalte dieser Webseite wurden sorgf\u00e4ltig erstellt. F\u00fcr die Richtigkeit, Vollst\u00e4ndigkeit und Aktualit\u00e4t der bereitgestellten Informationen wird jedoch keine Haftung \u00fcbernommen. Die Webseite und ihre Inhalte dienen ausschlie\u00dflich informativen [&hellip;]<\/p>\n","protected":false},"author":1,"featured_media":0,"parent":0,"menu_order":0,"comment_status":"closed","ping_status":"closed","template":"no-title","meta":{"_EventAllDay":false,"_EventTimezone":"","_EventStartDate":"","_EventEndDate":"","_EventStartDateUTC":"","_EventEndDateUTC":"","_EventShowMap":false,"_EventShowMapLink":false,"_EventURL":"","_EventCost":"","_EventCostDescription":"","_EventCurrencySymbol":"","_EventCurrencyCode":"","_EventCurrencyPosition":"","_EventDateTimeSeparator":"","_EventTimeRangeSeparator":"","_EventOrganizerID":[],"_EventVenueID":[],"_OrganizerEmail":"","_OrganizerPhone":"","_OrganizerWebsite":"","_VenueAddress":"","_VenueCity":"","_VenueCountry":"","_VenueProvince":"","_VenueState":"","_VenueZip":"","_VenuePhone":"","_VenueURL":"","_VenueStateProvince":"","_VenueLat":"","_VenueLng":"","_VenueShowMap":false,"_VenueShowMapLink":false,"footnotes":""},"class_list":["post-606","page","type-page","status-publish","hentry"],"aioseo_notices":[],"_links":{"self":[{"href":"https:\/\/gaia-guidance.earth\/en\/wp-json\/wp\/v2\/pages\/606","targetHints":{"allow":["GET"]}}],"collection":[{"href":"https:\/\/gaia-guidance.earth\/en\/wp-json\/wp\/v2\/pages"}],"about":[{"href":"https:\/\/gaia-guidance.earth\/en\/wp-json\/wp\/v2\/types\/page"}],"author":[{"embeddable":true,"href":"https:\/\/gaia-guidance.earth\/en\/wp-json\/wp\/v2\/users\/1"}],"replies":[{"embeddable":true,"href":"https:\/\/gaia-guidance.earth\/en\/wp-json\/wp\/v2\/comments?post=606"}],"version-history":[{"count":5,"href":"https:\/\/gaia-guidance.earth\/en\/wp-json\/wp\/v2\/pages\/606\/revisions"}],"predecessor-version":[{"id":1541,"href":"https:\/\/gaia-guidance.earth\/en\/wp-json\/wp\/v2\/pages\/606\/revisions\/1541"}],"wp:attachment":[{"href":"https:\/\/gaia-guidance.earth\/en\/wp-json\/wp\/v2\/media?parent=606"}],"curies":[{"name":"wp","href":"https:\/\/api.w.org\/{rel}","templated":true}]}}